{"id":83782,"date":"2021-06-04T14:41:29","date_gmt":"2021-06-04T14:41:29","guid":{"rendered":"https:\/\/k16trade.ch\/testimonials\/"},"modified":"2025-07-24T11:25:33","modified_gmt":"2025-07-24T11:25:33","slug":"seqex-testimonials-interviews","status":"publish","type":"page","link":"https:\/\/k16trade.ch\/de\/seqex-testimonials-interviews\/","title":{"rendered":"Seqex Testimonials und Interviews"},"content":{"rendered":"<div class=\"wpb-content-wrapper\"><p>[vc_row][vc_column width=&#8220;1\/2&#8243;][vc_message message_color=&#8220;color-597894&#8243; uncode_shortcode_id=&#8220;293816&#8243; message_color_type=&#8220;uncode-palette&#8220;]<img decoding=\"async\" class=\"alignnone size-medium wp-image-83768\" src=\"https:\/\/k16trade.ch\/wp-content\/uploads\/2021\/06\/PHOTO-2021-06-04-15-56-30-2-300x215.jpg\" alt=\"\" width=\"300\" height=\"215\" srcset=\"https:\/\/k16trade.ch\/wp-content\/uploads\/2021\/06\/PHOTO-2021-06-04-15-56-30-2-300x215.jpg 300w, https:\/\/k16trade.ch\/wp-content\/uploads\/2021\/06\/PHOTO-2021-06-04-15-56-30-2-600x430.jpg 600w, https:\/\/k16trade.ch\/wp-content\/uploads\/2021\/06\/PHOTO-2021-06-04-15-56-30-2-1024x734.jpg 1024w, https:\/\/k16trade.ch\/wp-content\/uploads\/2021\/06\/PHOTO-2021-06-04-15-56-30-2-768x551.jpg 768w, https:\/\/k16trade.ch\/wp-content\/uploads\/2021\/06\/PHOTO-2021-06-04-15-56-30-2.jpg 1411w\" sizes=\"(max-width: 300px) 100vw, 300px\" \/><\/p>\n<p data-start=\"2672\" data-end=\"2832\"><strong data-start=\"2672\" data-end=\"2688\">Nicol Delago<\/strong> ist eine italienische Skirennl\u00e4uferin, die sich auf Abfahrt und Super\u2011G spezialisiert hat und Mitglied der italienischen Nationalmannschaft ist<\/p>\n<p data-start=\"2834\" data-end=\"2961\">Sie nahm an den <strong data-start=\"2850\" data-end=\"2879\">OLYMPISCHEN WINTERSPIELEN<\/strong> 2018 und 2022 teil<br data-start=\"2898\" data-end=\"2901\" \/>bestes Ergebnis: <strong data-start=\"2918\" data-end=\"2961\">11. Platz in der Abfahrt in Peking 2022<\/strong><\/p>\n<p data-start=\"2963\" data-end=\"3084\">Sie startete bei den <strong data-start=\"2984\" data-end=\"3020\">WELTMEISTERSCHAFTEN DER SENIOREN<\/strong><br data-start=\"3020\" data-end=\"3023\" \/>bestes Ergebnis: <strong data-start=\"3040\" data-end=\"3084\">8. Platz in der Abfahrt in Saalbach 2025<\/strong><\/p>\n<p data-start=\"3086\" data-end=\"3240\">Sie gewann zwei Medaillen bei den <strong data-start=\"3120\" data-end=\"3152\">JUNIOREN-WELTMEISTERSCHAFTEN<\/strong><br data-start=\"3152\" data-end=\"3155\" \/><strong data-start=\"3155\" data-end=\"3196\">Bronze in der Abfahrt in Hafjell 2015<\/strong><br data-start=\"3196\" data-end=\"3199\" \/><strong data-start=\"3199\" data-end=\"3240\">Bronze in der Abfahrt in Sotschi 2016<\/strong><\/p>\n<p data-start=\"3242\" data-end=\"3363\">Ihr erstes Podium im <strong data-start=\"3263\" data-end=\"3274\">WELTCUP<\/strong> erreichte sie am 18. Dezember 2018<br data-start=\"3309\" data-end=\"3312\" \/><strong data-start=\"3312\" data-end=\"3363\">2. Platz in der Abfahrt in Gr\u00f6den (Val Gardena)<\/strong><\/p>\n<p data-start=\"3365\" data-end=\"3574\">Insgesamt <strong data-start=\"3375\" data-end=\"3404\">5 Podestpl\u00e4tze im WELTCUP<\/strong><br data-start=\"3404\" data-end=\"3407\" \/><strong data-start=\"3407\" data-end=\"3426\">3 zweite Pl\u00e4tze<\/strong> \u2013 zwei in der Abfahrt, einer im Super\u2011G<br data-start=\"3466\" data-end=\"3469\" \/><strong data-start=\"3469\" data-end=\"3488\">2 dritte Pl\u00e4tze<\/strong> \u2013 beide in der Abfahrt im Jahr 2024<br data-start=\"3524\" data-end=\"3527\" \/>sie hat bisher noch kein Weltcuprennen gewonnen<\/p>\n<p data-start=\"3576\" data-end=\"3863\">Bei den <strong data-start=\"3584\" data-end=\"3617\">ITALIENISCHEN MEISTERSCHAFTEN<\/strong> erzielte sie viele Top-Ergebnisse<br data-start=\"3651\" data-end=\"3654\" \/><strong data-start=\"3654\" data-end=\"3673\">3 Goldmedaillen<\/strong> \u2013 Super\u2011G 2018 und 2022, Abfahrt 2024<br data-start=\"3711\" data-end=\"3714\" \/><strong data-start=\"3714\" data-end=\"3735\">4 Silbermedaillen<\/strong> \u2013 Abfahrt 2019, 2022, 2025 und Kombination 2022<br data-start=\"3783\" data-end=\"3786\" \/><strong data-start=\"3786\" data-end=\"3807\">6 Bronzemedaillen<\/strong> \u2013 in Abfahrt, Super\u2011G und Kombination von 2018 bis 2025<\/p>\n<p data-start=\"3865\" data-end=\"3932\">Sie geh\u00f6rt regelm\u00e4\u00dfig zu den <strong data-start=\"3894\" data-end=\"3905\">Top Ten<\/strong> bei nationalen Speedrennen<\/p>\n<hr \/>\n<p data-start=\"3459\" data-end=\"3992\">Nicol Delago nutzte das SEQEX-Ger\u00e4t, um die Genesung nach Verletzungen w\u00e4hrend der Wettkampfsaison zu unterst\u00fctzen. Die Behandlung half, Entz\u00fcndungen deutlich zu reduzieren und die Geweberegeneration zu beschleunigen, wodurch eine schnellere und umfassendere Erholung m\u00f6glich wurde. Zudem verbesserte sich die Heilung der Narbe, was w\u00e4hrend des Trainings mit den Skischuhen f\u00fcr weniger Beschwerden sorgte. Dank dieser Unterst\u00fctzung konnte Nicol mit mehr Sicherheit und in optimaler k\u00f6rperlicher Verfassung auf die Piste zur\u00fcckkehren.<\/p>\n<hr \/>\n<div class=\"_tableContainer_80l1q_1\">\n<div class=\"_tableWrapper_80l1q_14 group flex w-fit flex-col-reverse\" tabindex=\"-1\">\n<table class=\"w-fit min-w-(--thread-content-width)\" data-start=\"3994\" data-end=\"4595\">\n<thead data-start=\"3994\" data-end=\"4084\">\n<tr data-start=\"3994\" data-end=\"4084\">\n<th data-start=\"3994\" data-end=\"4021\" data-col-size=\"sm\">Thema<\/th>\n<th data-start=\"4021\" data-end=\"4084\" data-col-size=\"md\">Details<\/th>\n<\/tr>\n<\/thead>\n<tbody data-start=\"4177\" data-end=\"4595\">\n<tr data-start=\"4177\" data-end=\"4267\">\n<td data-start=\"4177\" data-end=\"4204\" data-col-size=\"sm\"><strong data-start=\"4179\" data-end=\"4203\">Grund der Behandlung<\/strong><\/td>\n<td data-start=\"4204\" data-end=\"4267\" data-col-size=\"md\">Erholung von Verletzungen<\/td>\n<\/tr>\n<tr data-start=\"4268\" data-end=\"4369\">\n<td data-start=\"4268\" data-end=\"4298\" data-col-size=\"sm\"><strong data-start=\"4270\" data-end=\"4297\">Hauptberichtete Effekte<\/strong><\/td>\n<td data-col-size=\"md\" data-start=\"4298\" data-end=\"4369\">Reduzierung von Entz\u00fcndungen, Beschleunigung der Geweberegeneration<\/td>\n<\/tr>\n<tr data-start=\"4370\" data-end=\"4476\">\n<td data-start=\"4370\" data-end=\"4397\" data-col-size=\"sm\"><strong data-start=\"4372\" data-end=\"4394\">Sekund\u00e4re Vorteile<\/strong><\/td>\n<td data-col-size=\"md\" data-start=\"4397\" data-end=\"4476\">Verbesserte Narbenheilung, weniger Beschwerden beim Training mit Skischuhen<\/td>\n<\/tr>\n<tr data-start=\"4477\" data-end=\"4595\">\n<td data-start=\"4477\" data-end=\"4504\" data-col-size=\"sm\"><strong data-start=\"4479\" data-end=\"4497\">Gesamteinfluss<\/strong><\/td>\n<td data-col-size=\"md\" data-start=\"4504\" data-end=\"4595\">Schnellere sportliche Erholung mit verbessertem k\u00f6rperlichen und geistigen Wohlbefinden<\/td>\n<\/tr>\n<\/tbody>\n<\/table>\n<\/div>\n<\/div>\n<p>[\/vc_message][\/vc_column][vc_column width=&#8220;1\/2&#8243;][vc_single_image media=&#8220;83755&#8243; media_width_percent=&#8220;100&#8243;][\/vc_column][\/vc_row][vc_row][vc_column width=&#8220;1\/1&#8243;][vc_separator sep_color=&#8220;,Default&#8220;][\/vc_column][\/vc_row][vc_row][vc_column width=&#8220;1\/1&#8243;][vc_column_text uncode_shortcode_id=&#8220;974233&#8243;]<\/p>\n<h3><span class=\"font-377884\">Interview, das Seqex-Gr\u00fcnder Valerio Dallago am 29.01.22 dem Schweizer Magazin &#8218;<em>Swiss Federalism<\/em>&#8218; gegeben hat:<\/span><\/h3>\n<blockquote class=\"wp-embedded-content\" data-secret=\"1I2JSqaGGy\"><p><a href=\"https:\/\/swissfederalism.ch\/de\/valerio-dallago-der-elektromagnetismus-ist-die-medizin-der-zukunft\/\">Valerio Dallago: &#8220;Elektromagnetismus als Medizin der Zukunft&#8220;<\/a><\/p><\/blockquote>\n<p><iframe class=\"wp-embedded-content\" sandbox=\"allow-scripts\" security=\"restricted\" style=\"position: absolute; visibility: hidden;\" title=\"&#8222;Valerio Dallago: &#8220;Elektromagnetismus als Medizin der Zukunft&#8220;&#8220; &#8212; Swiss Federalism\" src=\"https:\/\/swissfederalism.ch\/de\/valerio-dallago-der-elektromagnetismus-ist-die-medizin-der-zukunft\/embed\/#?secret=L3iFA6dk71#?secret=1I2JSqaGGy\" data-secret=\"1I2JSqaGGy\" width=\"600\" height=\"338\" frameborder=\"0\" marginwidth=\"0\" marginheight=\"0\" scrolling=\"no\"><\/iframe><\/p>\n<hr \/>\n<p>[\/vc_column_text][\/vc_column][\/vc_row]<\/p>\n<\/div>","protected":false},"excerpt":{"rendered":"<p>Hier finden Sie Erfahrungsberichte von Menschen, die von der Nutzung von Seqex profitiert haben, sowie einige Interviews<\/p>\n","protected":false},"author":2,"featured_media":85134,"parent":0,"menu_order":0,"comment_status":"closed","ping_status":"closed","template":"","meta":{"_uag_custom_page_level_css":"","footnotes":""},"class_list":["post-83782","page","type-page","status-publish","has-post-thumbnail","hentry"],"uagb_featured_image_src":{"full":["https:\/\/k16trade.ch\/wp-content\/uploads\/2022\/05\/thank-you-3690115_1920.jpg",1920,1276,false],"thumbnail":["https:\/\/k16trade.ch\/wp-content\/uploads\/2022\/05\/thank-you-3690115_1920-150x150.jpg",150,150,true],"medium":["https:\/\/k16trade.ch\/wp-content\/uploads\/2022\/05\/thank-you-3690115_1920-300x199.jpg",300,199,true],"medium_large":["https:\/\/k16trade.ch\/wp-content\/uploads\/2022\/05\/thank-you-3690115_1920-768x510.jpg",768,510,true],"large":["https:\/\/k16trade.ch\/wp-content\/uploads\/2022\/05\/thank-you-3690115_1920-1024x681.jpg",840,559,true],"1536x1536":["https:\/\/k16trade.ch\/wp-content\/uploads\/2022\/05\/thank-you-3690115_1920-1536x1021.jpg",1536,1021,true],"2048x2048":["https:\/\/k16trade.ch\/wp-content\/uploads\/2022\/05\/thank-you-3690115_1920.jpg",1920,1276,false],"uncode_woocommerce_nav_thumbnail_regular":["https:\/\/k16trade.ch\/wp-content\/uploads\/2022\/05\/thank-you-3690115_1920.jpg",350,233,false],"uncode_woocommerce_nav_thumbnail_crop":["https:\/\/k16trade.ch\/wp-content\/uploads\/2022\/05\/thank-you-3690115_1920.jpg",348,231,false],"woocommerce_thumbnail":["https:\/\/k16trade.ch\/wp-content\/uploads\/2022\/05\/thank-you-3690115_1920-300x300.jpg",300,300,true],"woocommerce_single":["https:\/\/k16trade.ch\/wp-content\/uploads\/2022\/05\/thank-you-3690115_1920-600x399.jpg",600,399,true],"woocommerce_gallery_thumbnail":["https:\/\/k16trade.ch\/wp-content\/uploads\/2022\/05\/thank-you-3690115_1920-100x100.jpg",100,100,true]},"uagb_author_info":{"display_name":"Christina","author_link":"https:\/\/k16trade.ch\/de\/author\/chris-bodrato\/"},"uagb_comment_info":0,"uagb_excerpt":"Hier finden Sie Erfahrungsberichte von Menschen, die von der Nutzung von Seqex profitiert haben, sowie einige Interviews","_links":{"self":[{"href":"https:\/\/k16trade.ch\/de\/wp-json\/wp\/v2\/pages\/83782","targetHints":{"allow":["GET"]}}],"collection":[{"href":"https:\/\/k16trade.ch\/de\/wp-json\/wp\/v2\/pages"}],"about":[{"href":"https:\/\/k16trade.ch\/de\/wp-json\/wp\/v2\/types\/page"}],"author":[{"embeddable":true,"href":"https:\/\/k16trade.ch\/de\/wp-json\/wp\/v2\/users\/2"}],"replies":[{"embeddable":true,"href":"https:\/\/k16trade.ch\/de\/wp-json\/wp\/v2\/comments?post=83782"}],"version-history":[{"count":8,"href":"https:\/\/k16trade.ch\/de\/wp-json\/wp\/v2\/pages\/83782\/revisions"}],"predecessor-version":[{"id":92965,"href":"https:\/\/k16trade.ch\/de\/wp-json\/wp\/v2\/pages\/83782\/revisions\/92965"}],"wp:featuredmedia":[{"embeddable":true,"href":"https:\/\/k16trade.ch\/de\/wp-json\/wp\/v2\/media\/85134"}],"wp:attachment":[{"href":"https:\/\/k16trade.ch\/de\/wp-json\/wp\/v2\/media?parent=83782"}],"curies":[{"name":"wp","href":"https:\/\/api.w.org\/{rel}","templated":true}]}}