{"id":84662,"date":"2021-06-04T14:41:29","date_gmt":"2021-06-04T14:41:29","guid":{"rendered":"https:\/\/k16trade.ch\/testimonials\/"},"modified":"2025-07-24T11:24:15","modified_gmt":"2025-07-24T11:24:15","slug":"temoignages-interviews-seqex","status":"publish","type":"page","link":"https:\/\/k16trade.ch\/fr\/temoignages-interviews-seqex\/","title":{"rendered":"T\u00e9moignages et interviews de Seqex"},"content":{"rendered":"<div class=\"wpb-content-wrapper\"><p>[vc_row][vc_column width=\u00a0\u00bb1\/2&Prime;][vc_message message_color=\u00a0\u00bbcolor-597894&Prime; uncode_shortcode_id=\u00a0\u00bb626356&Prime; message_color_type=\u00a0\u00bbuncode-palette\u00a0\u00bb]<img decoding=\"async\" class=\"alignnone size-medium wp-image-83768\" src=\"https:\/\/k16trade.ch\/wp-content\/uploads\/2021\/06\/PHOTO-2021-06-04-15-56-30-2-300x215.jpg\" alt=\"\" width=\"300\" height=\"215\" srcset=\"https:\/\/k16trade.ch\/wp-content\/uploads\/2021\/06\/PHOTO-2021-06-04-15-56-30-2-300x215.jpg 300w, https:\/\/k16trade.ch\/wp-content\/uploads\/2021\/06\/PHOTO-2021-06-04-15-56-30-2-600x430.jpg 600w, https:\/\/k16trade.ch\/wp-content\/uploads\/2021\/06\/PHOTO-2021-06-04-15-56-30-2-1024x734.jpg 1024w, https:\/\/k16trade.ch\/wp-content\/uploads\/2021\/06\/PHOTO-2021-06-04-15-56-30-2-768x551.jpg 768w, https:\/\/k16trade.ch\/wp-content\/uploads\/2021\/06\/PHOTO-2021-06-04-15-56-30-2.jpg 1411w\" sizes=\"(max-width: 300px) 100vw, 300px\" \/><\/p>\n<p data-start=\"1343\" data-end=\"1466\"><strong data-start=\"1343\" data-end=\"1359\">NICOL DELAGO<\/strong> est une skieuse italienne sp\u00e9cialiste de la descente et du super\u2011G, membre de l\u2019\u00e9quipe nationale italienne<\/p>\n<p data-start=\"1468\" data-end=\"1603\">Elle a repr\u00e9sent\u00e9 l\u2019Italie aux <strong data-start=\"1499\" data-end=\"1526\">JEUX OLYMPIQUES D\u2019HIVER<\/strong> en 2018 et 2022<br data-start=\"1542\" data-end=\"1545\" \/>meilleur r\u00e9sultat : <strong data-start=\"1565\" data-end=\"1603\">11e place en descente \u00e0 P\u00e9kin 2022<\/strong><\/p>\n<p data-start=\"1605\" data-end=\"1722\">Elle a particip\u00e9 aux <strong data-start=\"1626\" data-end=\"1659\">CHAMPIONNATS DU MONDE S\u00c9NIORS<\/strong><br data-start=\"1659\" data-end=\"1662\" \/>meilleur r\u00e9sultat : <strong data-start=\"1682\" data-end=\"1722\">8e place en descente \u00e0 Saalbach 2025<\/strong><\/p>\n<p data-start=\"1724\" data-end=\"1895\">Elle a remport\u00e9 deux m\u00e9dailles aux <strong data-start=\"1759\" data-end=\"1792\">CHAMPIONNATS DU MONDE JUNIORS<\/strong><br data-start=\"1792\" data-end=\"1795\" \/><strong data-start=\"1795\" data-end=\"1844\">m\u00e9daille de bronze en descente \u00e0 Hafjell 2015<\/strong><br data-start=\"1844\" data-end=\"1847\" \/><strong data-start=\"1847\" data-end=\"1895\">m\u00e9daille de bronze en descente \u00e0 Sotchi 2016<\/strong><\/p>\n<p data-start=\"1897\" data-end=\"2012\">Elle a obtenu son premier podium en <strong data-start=\"1933\" data-end=\"1951\">COUPE DU MONDE<\/strong> le 18 d\u00e9cembre 2018<br data-start=\"1971\" data-end=\"1974\" \/><strong data-start=\"1974\" data-end=\"2012\">2e place en descente \u00e0 Val Gardena<\/strong><\/p>\n<p data-start=\"2014\" data-end=\"2248\">Nombre total de podiums en <strong data-start=\"2041\" data-end=\"2059\">COUPE DU MONDE<\/strong> : <strong data-start=\"2062\" data-end=\"2067\">5<\/strong><br data-start=\"2067\" data-end=\"2070\" \/><strong data-start=\"2070\" data-end=\"2092\">3 deuxi\u00e8mes places<\/strong> \u2013 deux en descente, une en super\u2011G<br data-start=\"2127\" data-end=\"2130\" \/><strong data-start=\"2130\" data-end=\"2153\">2 troisi\u00e8mes places<\/strong> \u2013 toutes deux en descente en 2024<br data-start=\"2187\" data-end=\"2190\" \/>elle n\u2019a pas encore remport\u00e9 de victoire en Coupe du Monde<\/p>\n<p data-start=\"2250\" data-end=\"2549\">Lors des <strong data-start=\"2259\" data-end=\"2284\">CHAMPIONNATS D\u2019ITALIE<\/strong>, elle a obtenu plusieurs excellents r\u00e9sultats<br data-start=\"2330\" data-end=\"2333\" \/><strong data-start=\"2333\" data-end=\"2353\">3 m\u00e9dailles d\u2019or<\/strong> \u2013 super\u2011G 2018 et 2022, descente 2024<br data-start=\"2391\" data-end=\"2394\" \/><strong data-start=\"2394\" data-end=\"2418\">4 m\u00e9dailles d\u2019argent<\/strong> \u2013 descente 2019, 2022, 2025 et combin\u00e9 alpin 2022<br data-start=\"2468\" data-end=\"2471\" \/><strong data-start=\"2471\" data-end=\"2496\">6 m\u00e9dailles de bronze<\/strong> \u2013 en descente, super\u2011G et combin\u00e9 entre 2018 et 2025<\/p>\n<p data-start=\"2551\" data-end=\"2644\">Elle figure r\u00e9guli\u00e8rement parmi les <strong data-start=\"2587\" data-end=\"2604\">dix premi\u00e8res<\/strong> dans les \u00e9preuves de vitesse nationales<\/p>\n<hr \/>\n<p data-start=\"2303\" data-end=\"2818\">Nicol Delago a utilis\u00e9 l\u2019appareil SEQEX pour favoriser sa r\u00e9cup\u00e9ration apr\u00e8s des blessures survenues durant la saison comp\u00e9titive. Le traitement a permis de r\u00e9duire significativement les inflammations et d\u2019acc\u00e9l\u00e9rer la r\u00e9g\u00e9n\u00e9ration des tissus, assurant une r\u00e9cup\u00e9ration plus rapide et compl\u00e8te. Il a \u00e9galement am\u00e9lior\u00e9 la cicatrisation, r\u00e9duisant les g\u00eanes lors des entra\u00eenements avec les chaussures de ski. Gr\u00e2ce \u00e0 ce soutien, Nicol a pu reprendre la piste avec plus de s\u00e9r\u00e9nit\u00e9 et une condition physique optimale.<\/p>\n<hr \/>\n<div class=\"_tableContainer_80l1q_1\">\n<div class=\"_tableWrapper_80l1q_14 group flex w-fit flex-col-reverse\" tabindex=\"-1\">\n<table class=\"w-fit min-w-(--thread-content-width)\" data-start=\"2820\" data-end=\"3439\">\n<thead data-start=\"2820\" data-end=\"2910\">\n<tr data-start=\"2820\" data-end=\"2910\">\n<th data-start=\"2820\" data-end=\"2847\" data-col-size=\"sm\">Sujet<\/th>\n<th data-start=\"2847\" data-end=\"2910\" data-col-size=\"md\">D\u00e9tails<\/th>\n<\/tr>\n<\/thead>\n<tbody data-start=\"3003\" data-end=\"3439\">\n<tr data-start=\"3003\" data-end=\"3093\">\n<td data-start=\"3003\" data-end=\"3030\" data-col-size=\"sm\"><strong data-start=\"3005\" data-end=\"3029\">Raison du traitement<\/strong><\/td>\n<td data-col-size=\"md\" data-start=\"3030\" data-end=\"3093\">R\u00e9cup\u00e9ration apr\u00e8s blessures<\/td>\n<\/tr>\n<tr data-start=\"3094\" data-end=\"3203\">\n<td data-start=\"3094\" data-end=\"3128\" data-col-size=\"sm\"><strong data-start=\"3096\" data-end=\"3127\">Effets principaux rapport\u00e9s<\/strong><\/td>\n<td data-col-size=\"md\" data-start=\"3128\" data-end=\"3203\">R\u00e9duction des inflammations, acc\u00e9l\u00e9ration de la r\u00e9g\u00e9n\u00e9ration des tissus<\/td>\n<\/tr>\n<tr data-start=\"3204\" data-end=\"3327\">\n<td data-start=\"3204\" data-end=\"3232\" data-col-size=\"sm\"><strong data-start=\"3206\" data-end=\"3231\">B\u00e9n\u00e9fices secondaires<\/strong><\/td>\n<td data-col-size=\"md\" data-start=\"3232\" data-end=\"3327\">Cicatrisation am\u00e9lior\u00e9e, moins de g\u00eane pendant les entra\u00eenements avec les chaussures de ski<\/td>\n<\/tr>\n<tr data-start=\"3328\" data-end=\"3439\">\n<td data-start=\"3328\" data-end=\"3356\" data-col-size=\"sm\"><strong data-start=\"3330\" data-end=\"3347\">Impact global<\/strong><\/td>\n<td data-col-size=\"md\" data-start=\"3356\" data-end=\"3439\">R\u00e9cup\u00e9ration sportive plus rapide avec un meilleur bien-\u00eatre physique et mental<\/td>\n<\/tr>\n<\/tbody>\n<\/table>\n<\/div>\n<\/div>\n<p>[\/vc_message][\/vc_column][vc_column width=\u00a0\u00bb1\/2&Prime;][vc_single_image media=\u00a0\u00bb83755&Prime; media_width_percent=\u00a0\u00bb100&Prime;][\/vc_column][\/vc_row][vc_row][vc_column width=\u00a0\u00bb1\/1&Prime;][vc_separator sep_color=\u00a0\u00bb\u00a0\u00bb uncode_shortcode_id=\u00a0\u00bb416252&Prime;][\/vc_column][\/vc_row][vc_row][vc_column width=\u00a0\u00bb1\/1&Prime;][vc_column_text uncode_shortcode_id=\u00a0\u00bb106263&Prime;]<\/p>\n<h3><span class=\"font-377884\">Interview donn\u00e9e le 29.01.22 par Valerio Dallago, fondateur de Seqex, au magazine suisse \u00a0\u00bb Swiss Federalism \u00a0\u00bb :<\/span><\/h3>\n<blockquote class=\"wp-embedded-content\" data-secret=\"Q1rAIJksAW\"><p><a href=\"https:\/\/swissfederalism.ch\/fr\/valerio-dallago-electromagnetisme-la-medecine-du-futur\/\">Valerio Dallago: \u00ab\u00a0Electromagn\u00e9tisme: la m\u00e9decine du futur\u00a0\u00bb<\/a><\/p><\/blockquote>\n<p><iframe class=\"wp-embedded-content\" sandbox=\"allow-scripts\" security=\"restricted\" style=\"position: absolute; visibility: hidden;\" title=\"\u00ab\u00a0Valerio Dallago: \u00ab\u00a0Electromagn\u00e9tisme: la m\u00e9decine du futur\u00a0\u00bb\u00a0\u00bb &#8212; Swiss Federalism\" src=\"https:\/\/swissfederalism.ch\/fr\/valerio-dallago-electromagnetisme-la-medecine-du-futur\/embed\/#?secret=EUWNV606Jd#?secret=Q1rAIJksAW\" data-secret=\"Q1rAIJksAW\" width=\"600\" height=\"338\" frameborder=\"0\" marginwidth=\"0\" marginheight=\"0\" scrolling=\"no\"><\/iframe><\/p>\n<hr \/>\n<p>[\/vc_column_text][\/vc_column][\/vc_row]<\/p>\n<\/div>","protected":false},"excerpt":{"rendered":"<p>Voici des t\u00e9moignages de personnes qui ont b\u00e9n\u00e9fici\u00e9 de l&rsquo;utilisation de Seqex et quelques interviews.<\/p>\n","protected":false},"author":2,"featured_media":85133,"parent":0,"menu_order":0,"comment_status":"closed","ping_status":"closed","template":"","meta":{"_uag_custom_page_level_css":"","footnotes":""},"class_list":["post-84662","page","type-page","status-publish","has-post-thumbnail","hentry"],"uagb_featured_image_src":{"full":["https:\/\/k16trade.ch\/wp-content\/uploads\/2022\/05\/thank-you-3690115_1920.jpg",1920,1276,false],"thumbnail":["https:\/\/k16trade.ch\/wp-content\/uploads\/2022\/05\/thank-you-3690115_1920-150x150.jpg",150,150,true],"medium":["https:\/\/k16trade.ch\/wp-content\/uploads\/2022\/05\/thank-you-3690115_1920-300x199.jpg",300,199,true],"medium_large":["https:\/\/k16trade.ch\/wp-content\/uploads\/2022\/05\/thank-you-3690115_1920-768x510.jpg",768,510,true],"large":["https:\/\/k16trade.ch\/wp-content\/uploads\/2022\/05\/thank-you-3690115_1920-1024x681.jpg",840,559,true],"1536x1536":["https:\/\/k16trade.ch\/wp-content\/uploads\/2022\/05\/thank-you-3690115_1920-1536x1021.jpg",1536,1021,true],"2048x2048":["https:\/\/k16trade.ch\/wp-content\/uploads\/2022\/05\/thank-you-3690115_1920.jpg",1920,1276,false],"uncode_woocommerce_nav_thumbnail_regular":["https:\/\/k16trade.ch\/wp-content\/uploads\/2022\/05\/thank-you-3690115_1920.jpg",350,233,false],"uncode_woocommerce_nav_thumbnail_crop":["https:\/\/k16trade.ch\/wp-content\/uploads\/2022\/05\/thank-you-3690115_1920.jpg",348,231,false],"woocommerce_thumbnail":["https:\/\/k16trade.ch\/wp-content\/uploads\/2022\/05\/thank-you-3690115_1920-300x300.jpg",300,300,true],"woocommerce_single":["https:\/\/k16trade.ch\/wp-content\/uploads\/2022\/05\/thank-you-3690115_1920-600x399.jpg",600,399,true],"woocommerce_gallery_thumbnail":["https:\/\/k16trade.ch\/wp-content\/uploads\/2022\/05\/thank-you-3690115_1920-100x100.jpg",100,100,true]},"uagb_author_info":{"display_name":"Christina","author_link":"https:\/\/k16trade.ch\/fr\/author\/chris-bodrato\/"},"uagb_comment_info":0,"uagb_excerpt":"Voici des t\u00e9moignages de personnes qui ont b\u00e9n\u00e9fici\u00e9 de l'utilisation de Seqex et quelques interviews.","_links":{"self":[{"href":"https:\/\/k16trade.ch\/fr\/wp-json\/wp\/v2\/pages\/84662","targetHints":{"allow":["GET"]}}],"collection":[{"href":"https:\/\/k16trade.ch\/fr\/wp-json\/wp\/v2\/pages"}],"about":[{"href":"https:\/\/k16trade.ch\/fr\/wp-json\/wp\/v2\/types\/page"}],"author":[{"embeddable":true,"href":"https:\/\/k16trade.ch\/fr\/wp-json\/wp\/v2\/users\/2"}],"replies":[{"embeddable":true,"href":"https:\/\/k16trade.ch\/fr\/wp-json\/wp\/v2\/comments?post=84662"}],"version-history":[{"count":6,"href":"https:\/\/k16trade.ch\/fr\/wp-json\/wp\/v2\/pages\/84662\/revisions"}],"predecessor-version":[{"id":84664,"href":"https:\/\/k16trade.ch\/fr\/wp-json\/wp\/v2\/pages\/84662\/revisions\/84664"}],"wp:featuredmedia":[{"embeddable":true,"href":"https:\/\/k16trade.ch\/fr\/wp-json\/wp\/v2\/media\/85133"}],"wp:attachment":[{"href":"https:\/\/k16trade.ch\/fr\/wp-json\/wp\/v2\/media?parent=84662"}],"curies":[{"name":"wp","href":"https:\/\/api.w.org\/{rel}","templated":true}]}}